{"id":1980,"date":"2023-06-22T11:11:27","date_gmt":"2023-06-22T09:11:27","guid":{"rendered":"https:\/\/torrentstudio.com\/contacto\/"},"modified":"2023-06-22T12:08:35","modified_gmt":"2023-06-22T10:08:35","slug":"contact","status":"publish","type":"page","link":"https:\/\/torrentstudio.com\/en\/contact\/","title":{"rendered":"CONTACT"},"content":{"rendered":"\n<style type=\"text\/css\" data-created_by=\"avia_inline_auto\" id=\"style-css-av-gjoix-e2c9c06c552eda7bb8fa4f4bd6173a55\">\n.avia-section.av-gjoix-e2c9c06c552eda7bb8fa4f4bd6173a55{\nmargin-top:100px;\nmargin-bottom:50px;\n}\n<\/style>\n<div id='av_section_1'  class='avia-section av-gjoix-e2c9c06c552eda7bb8fa4f4bd6173a55 main_color avia-section-no-padding avia-no-border-styling  avia-builder-el-0  avia-builder-el-no-sibling  avia-bg-style-scroll container_wrap fullsize'  ><div class='container av-section-cont-open' ><main  role=\"main\" itemprop=\"mainContentOfPage\"  class='template-page content  av-content-full alpha units'><div class='post-entry post-entry-type-page post-entry-1980'><div class='entry-content-wrapper clearfix'>\n\n<style type=\"text\/css\" data-created_by=\"avia_inline_auto\" id=\"style-css-av-8at0x-f560a9afda60ae3bf5266107806bdca4\">\n.flex_column.av-8at0x-f560a9afda60ae3bf5266107806bdca4{\nborder-radius:0px 0px 0px 0px;\npadding:0px 0px 0px 0px;\n}\n<\/style>\n<div  class='flex_column av-8at0x-f560a9afda60ae3bf5266107806bdca4 av_one_half  avia-builder-el-1  el_before_av_one_half  avia-builder-el-first  first flex_column_div av-zero-column-padding  '     ><p>\n<style type=\"text\/css\" data-created_by=\"avia_inline_auto\" id=\"style-css-av-lilv2ahb-a8f2322138a81ac8b4dd644e4b1d11cd\">\n#top .av-special-heading.av-lilv2ahb-a8f2322138a81ac8b4dd644e4b1d11cd{\npadding-bottom:10px;\ncolor:#0000ff;\nfont-size:90px;\n}\nbody .av-special-heading.av-lilv2ahb-a8f2322138a81ac8b4dd644e4b1d11cd .av-special-heading-tag .heading-char{\nfont-size:25px;\n}\n#top #wrap_all .av-special-heading.av-lilv2ahb-a8f2322138a81ac8b4dd644e4b1d11cd .av-special-heading-tag{\nfont-size:90px;\n}\n.av-special-heading.av-lilv2ahb-a8f2322138a81ac8b4dd644e4b1d11cd .special-heading-inner-border{\nborder-color:#0000ff;\n}\n.av-special-heading.av-lilv2ahb-a8f2322138a81ac8b4dd644e4b1d11cd .av-subheading{\nfont-size:28px;\ncolor:#000000;\n}\n\n@media only screen and (min-width: 480px) and (max-width: 767px){ \n#top #wrap_all .av-special-heading.av-lilv2ahb-a8f2322138a81ac8b4dd644e4b1d11cd .av-special-heading-tag{\nfont-size:0.8em;\n}\n}\n\n@media only screen and (max-width: 479px){ \n#top #wrap_all .av-special-heading.av-lilv2ahb-a8f2322138a81ac8b4dd644e4b1d11cd .av-special-heading-tag{\nfont-size:0.8em;\n}\n}\n<\/style>\n<div  class='av-special-heading av-lilv2ahb-a8f2322138a81ac8b4dd644e4b1d11cd av-special-heading-h1 custom-color-heading blockquote modern-quote  avia-builder-el-2  el_before_av_heading  avia-builder-el-first  av-inherit-size'><h1 class='av-special-heading-tag'  itemprop=\"headline\"  >HERE AND NOW<\/h1><div class='av_custom_color av-subheading av-subheading_below'><p>If you are here it is for something important<\/p>\n<\/div><div class=\"special-heading-border\"><div class=\"special-heading-inner-border\"><\/div><\/div><\/div><br \/>\n\n<style type=\"text\/css\" data-created_by=\"avia_inline_auto\" id=\"style-css-av-lin2be8q-5ec010aa73a8594a4e6e1abac3e21cf0\">\n#top .av-special-heading.av-lin2be8q-5ec010aa73a8594a4e6e1abac3e21cf0{\npadding-bottom:10px;\nfont-size:40px;\n}\nbody .av-special-heading.av-lin2be8q-5ec010aa73a8594a4e6e1abac3e21cf0 .av-special-heading-tag .heading-char{\nfont-size:25px;\n}\n#top #wrap_all .av-special-heading.av-lin2be8q-5ec010aa73a8594a4e6e1abac3e21cf0 .av-special-heading-tag{\nfont-size:40px;\n}\n.av-special-heading.av-lin2be8q-5ec010aa73a8594a4e6e1abac3e21cf0 .av-subheading{\nfont-size:15px;\n}\n\n@media only screen and (min-width: 480px) and (max-width: 767px){ \n#top #wrap_all .av-special-heading.av-lin2be8q-5ec010aa73a8594a4e6e1abac3e21cf0 .av-special-heading-tag{\nfont-size:0.8em;\n}\n}\n\n@media only screen and (max-width: 479px){ \n#top #wrap_all .av-special-heading.av-lin2be8q-5ec010aa73a8594a4e6e1abac3e21cf0 .av-special-heading-tag{\nfont-size:0.8em;\n}\n}\n<\/style>\n<div  class='av-special-heading av-lin2be8q-5ec010aa73a8594a4e6e1abac3e21cf0 av-special-heading-h2 custom-color-heading blockquote modern-quote  avia-builder-el-3  el_after_av_heading  el_before_av_codeblock  av-inherit-size'><h2 class='av-special-heading-tag'  itemprop=\"headline\"  >CONNECT<\/h2><div class=\"special-heading-border\"><div class=\"special-heading-inner-border\"><\/div><\/div><\/div><br \/>\n<\/p><\/div>\n<style type=\"text\/css\" data-created_by=\"avia_inline_auto\" id=\"style-css-av-9au3d-866a4b9535ed50900e8e9e36244abe29\">\n.flex_column.av-9au3d-866a4b9535ed50900e8e9e36244abe29{\nborder-radius:0px 0px 0px 0px;\npadding:0px 0px 0px 0px;\n}\n<\/style>\n<div  class='flex_column av-9au3d-866a4b9535ed50900e8e9e36244abe29 av_one_half  avia-builder-el-5  el_after_av_one_half  avia-builder-el-last  flex_column_div av-zero-column-padding  '     ><\/div>\n","protected":false},"excerpt":{"rendered":"","protected":false},"author":1,"featured_media":0,"parent":0,"menu_order":0,"comment_status":"closed","ping_status":"closed","template":"","meta":{"footnotes":""},"class_list":["post-1980","page","type-page","status-publish","hentry"],"yoast_head":"<!-- This site is optimized with the Yoast SEO Premium plugin v20.9 (Yoast SEO v24.3) - https:\/\/yoast.com\/wordpress\/plugins\/seo\/ -->\n<title>CONTACT | Torrent Studio\u00ae<\/title>\n<meta name=\"description\" content=\"Creemos juntos. Ahora vivo en Barcelona, Catalunya, Espanya. Aqu\u00ed te dejo mis datos de contactos m\u00e1s usables.Tengo clientes en muchos lugares del mundo, trabajo de manera remota y los resultados creados son \u00f3ptimos.\" \/>\n<meta name=\"robots\" content=\"index, follow, max-snippet:-1, max-image-preview:large, max-video-preview:-1\" \/>\n<link rel=\"canonical\" href=\"https:\/\/torrentstudio.com\/en\/contact\/\" \/>\n<meta property=\"og:locale\" content=\"en_US\" \/>\n<meta property=\"og:type\" content=\"article\" \/>\n<meta property=\"og:title\" content=\"CONTACT\" \/>\n<meta property=\"og:description\" content=\"Creemos juntos. Ahora vivo en Barcelona, Catalunya, Espanya. Aqu\u00ed te dejo mis datos de contactos m\u00e1s usables.Tengo clientes en muchos lugares del mundo, trabajo de manera remota y los resultados creados son \u00f3ptimos.\" \/>\n<meta property=\"og:url\" content=\"https:\/\/torrentstudio.com\/en\/contact\/\" \/>\n<meta property=\"og:site_name\" content=\"Torrent Studio\u00ae\" \/>\n<meta property=\"article:publisher\" content=\"https:\/\/www.facebook.com\/torrentstudiobarcelona\/\" \/>\n<meta property=\"article:modified_time\" content=\"2023-06-22T10:08:35+00:00\" \/>\n<meta property=\"og:image\" content=\"https:\/\/torrentstudio.com\/wp-content\/uploads\/2023\/06\/torrent_studio_seo.jpg\" \/>\n\t<meta property=\"og:image:width\" content=\"1200\" \/>\n\t<meta property=\"og:image:height\" content=\"675\" \/>\n\t<meta property=\"og:image:type\" content=\"image\/jpeg\" \/>\n<meta name=\"twitter:card\" content=\"summary_large_image\" \/>\n<meta name=\"twitter:label1\" content=\"Est. reading time\" \/>\n\t<meta name=\"twitter:data1\" content=\"5 minutes\" \/>\n<script type=\"application\/ld+json\" class=\"yoast-schema-graph\">{\"@context\":\"https:\/\/schema.org\",\"@graph\":[{\"@type\":[\"WebPage\",\"ContactPage\"],\"@id\":\"https:\/\/torrentstudio.com\/en\/contact\/\",\"url\":\"https:\/\/torrentstudio.com\/en\/contact\/\",\"name\":\"CONTACT | Torrent Studio\u00ae\",\"isPartOf\":{\"@id\":\"https:\/\/torrentstudio.com\/en\/#website\"},\"primaryImageOfPage\":{\"@id\":\"https:\/\/torrentstudio.com\/en\/contact\/#primaryimage\"},\"image\":{\"@id\":\"https:\/\/torrentstudio.com\/en\/contact\/#primaryimage\"},\"thumbnailUrl\":\"https:\/\/torrentstudio.com\/wp-content\/uploads\/2023\/06\/heart_torrent_pixel.png\",\"datePublished\":\"2023-06-22T09:11:27+00:00\",\"dateModified\":\"2023-06-22T10:08:35+00:00\",\"description\":\"Creemos juntos. Ahora vivo en Barcelona, Catalunya, Espanya. Aqu\u00ed te dejo mis datos de contactos m\u00e1s usables.Tengo clientes en muchos lugares del mundo, trabajo de manera remota y los resultados creados son \u00f3ptimos.\",\"breadcrumb\":{\"@id\":\"https:\/\/torrentstudio.com\/en\/contact\/#breadcrumb\"},\"inLanguage\":\"en-US\",\"potentialAction\":[{\"@type\":\"ReadAction\",\"target\":[\"https:\/\/torrentstudio.com\/en\/contact\/\"]}]},{\"@type\":\"ImageObject\",\"inLanguage\":\"en-US\",\"@id\":\"https:\/\/torrentstudio.com\/en\/contact\/#primaryimage\",\"url\":\"https:\/\/torrentstudio.com\/wp-content\/uploads\/2023\/06\/heart_torrent_pixel.png\",\"contentUrl\":\"https:\/\/torrentstudio.com\/wp-content\/uploads\/2023\/06\/heart_torrent_pixel.png\"},{\"@type\":\"BreadcrumbList\",\"@id\":\"https:\/\/torrentstudio.com\/en\/contact\/#breadcrumb\",\"itemListElement\":[{\"@type\":\"ListItem\",\"position\":1,\"name\":\"Home\",\"item\":\"https:\/\/torrentstudio.com\/en\/torrent-studio-barcelona\/\"},{\"@type\":\"ListItem\",\"position\":2,\"name\":\"CONTACT\"}]},{\"@type\":\"WebSite\",\"@id\":\"https:\/\/torrentstudio.com\/en\/#website\",\"url\":\"https:\/\/torrentstudio.com\/en\/\",\"name\":\"Torrent Studio\u00ae\",\"description\":\"is an independent graphic design studio working for good brands.\",\"publisher\":{\"@id\":\"https:\/\/torrentstudio.com\/en\/#organization\"},\"alternateName\":\"Torrent graphic design studio\",\"potentialAction\":[{\"@type\":\"SearchAction\",\"target\":{\"@type\":\"EntryPoint\",\"urlTemplate\":\"https:\/\/torrentstudio.com\/en\/?s={search_term_string}\"},\"query-input\":{\"@type\":\"PropertyValueSpecification\",\"valueRequired\":true,\"valueName\":\"search_term_string\"}}],\"inLanguage\":\"en-US\"},{\"@type\":[\"Organization\",\"Place\"],\"@id\":\"https:\/\/torrentstudio.com\/en\/#organization\",\"name\":\"Torrent Studio\u00ae Barcelona\",\"alternateName\":\"Horacio Torrent\",\"url\":\"https:\/\/torrentstudio.com\/en\/\",\"logo\":{\"@id\":\"https:\/\/torrentstudio.com\/en\/contact\/#local-main-organization-logo\"},\"image\":{\"@id\":\"https:\/\/torrentstudio.com\/en\/contact\/#local-main-organization-logo\"},\"sameAs\":[\"https:\/\/www.facebook.com\/torrentstudiobarcelona\/\",\"https:\/\/www.linkedin.com\/company\/torrentstudio\/\",\"https:\/\/www.instagram.com\/torrentstudio\/\"],\"telephone\":[\"675304099\"],\"openingHoursSpecification\":[{\"@type\":\"OpeningHoursSpecification\",\"dayOfWeek\":[\"Monday\",\"Tuesday\",\"Wednesday\",\"Thursday\",\"Friday\",\"Saturday\",\"Sunday\"],\"opens\":\"09:00\",\"closes\":\"17:00\"}],\"email\":\"hola@torrenstudio.com\"},{\"@type\":\"ImageObject\",\"inLanguage\":\"en-US\",\"@id\":\"https:\/\/torrentstudio.com\/en\/contact\/#local-main-organization-logo\",\"url\":\"https:\/\/torrentstudio.com\/wp-content\/uploads\/2023\/06\/torrent_studio_seo_logo.jpg\",\"contentUrl\":\"https:\/\/torrentstudio.com\/wp-content\/uploads\/2023\/06\/torrent_studio_seo_logo.jpg\",\"width\":696,\"height\":696,\"caption\":\"Torrent Studio\u00ae Barcelona\"}]}<\/script>\n<meta name=\"geo.placename\" content=\"Barcelona\" \/>\n<meta name=\"geo.region\" content=\"Spain\" \/>\n<!-- \/ Yoast SEO Premium plugin. -->","yoast_head_json":{"title":"CONTACT | Torrent Studio\u00ae","description":"Creemos juntos. Ahora vivo en Barcelona, Catalunya, Espanya. Aqu\u00ed te dejo mis datos de contactos m\u00e1s usables.Tengo clientes en muchos lugares del mundo, trabajo de manera remota y los resultados creados son \u00f3ptimos.","robots":{"index":"index","follow":"follow","max-snippet":"max-snippet:-1","max-image-preview":"max-image-preview:large","max-video-preview":"max-video-preview:-1"},"canonical":"https:\/\/torrentstudio.com\/en\/contact\/","og_locale":"en_US","og_type":"article","og_title":"CONTACT","og_description":"Creemos juntos. Ahora vivo en Barcelona, Catalunya, Espanya. Aqu\u00ed te dejo mis datos de contactos m\u00e1s usables.Tengo clientes en muchos lugares del mundo, trabajo de manera remota y los resultados creados son \u00f3ptimos.","og_url":"https:\/\/torrentstudio.com\/en\/contact\/","og_site_name":"Torrent Studio\u00ae","article_publisher":"https:\/\/www.facebook.com\/torrentstudiobarcelona\/","article_modified_time":"2023-06-22T10:08:35+00:00","og_image":[{"width":1200,"height":675,"url":"https:\/\/torrentstudio.com\/wp-content\/uploads\/2023\/06\/torrent_studio_seo.jpg","type":"image\/jpeg"}],"twitter_card":"summary_large_image","twitter_misc":{"Est. reading time":"5 minutes"},"schema":{"@context":"https:\/\/schema.org","@graph":[{"@type":["WebPage","ContactPage"],"@id":"https:\/\/torrentstudio.com\/en\/contact\/","url":"https:\/\/torrentstudio.com\/en\/contact\/","name":"CONTACT | Torrent Studio\u00ae","isPartOf":{"@id":"https:\/\/torrentstudio.com\/en\/#website"},"primaryImageOfPage":{"@id":"https:\/\/torrentstudio.com\/en\/contact\/#primaryimage"},"image":{"@id":"https:\/\/torrentstudio.com\/en\/contact\/#primaryimage"},"thumbnailUrl":"https:\/\/torrentstudio.com\/wp-content\/uploads\/2023\/06\/heart_torrent_pixel.png","datePublished":"2023-06-22T09:11:27+00:00","dateModified":"2023-06-22T10:08:35+00:00","description":"Creemos juntos. Ahora vivo en Barcelona, Catalunya, Espanya. Aqu\u00ed te dejo mis datos de contactos m\u00e1s usables.Tengo clientes en muchos lugares del mundo, trabajo de manera remota y los resultados creados son \u00f3ptimos.","breadcrumb":{"@id":"https:\/\/torrentstudio.com\/en\/contact\/#breadcrumb"},"inLanguage":"en-US","potentialAction":[{"@type":"ReadAction","target":["https:\/\/torrentstudio.com\/en\/contact\/"]}]},{"@type":"ImageObject","inLanguage":"en-US","@id":"https:\/\/torrentstudio.com\/en\/contact\/#primaryimage","url":"https:\/\/torrentstudio.com\/wp-content\/uploads\/2023\/06\/heart_torrent_pixel.png","contentUrl":"https:\/\/torrentstudio.com\/wp-content\/uploads\/2023\/06\/heart_torrent_pixel.png"},{"@type":"BreadcrumbList","@id":"https:\/\/torrentstudio.com\/en\/contact\/#breadcrumb","itemListElement":[{"@type":"ListItem","position":1,"name":"Home","item":"https:\/\/torrentstudio.com\/en\/torrent-studio-barcelona\/"},{"@type":"ListItem","position":2,"name":"CONTACT"}]},{"@type":"WebSite","@id":"https:\/\/torrentstudio.com\/en\/#website","url":"https:\/\/torrentstudio.com\/en\/","name":"Torrent Studio\u00ae","description":"is an independent graphic design studio working for good brands.","publisher":{"@id":"https:\/\/torrentstudio.com\/en\/#organization"},"alternateName":"Torrent graphic design studio","potentialAction":[{"@type":"SearchAction","target":{"@type":"EntryPoint","urlTemplate":"https:\/\/torrentstudio.com\/en\/?s={search_term_string}"},"query-input":{"@type":"PropertyValueSpecification","valueRequired":true,"valueName":"search_term_string"}}],"inLanguage":"en-US"},{"@type":["Organization","Place"],"@id":"https:\/\/torrentstudio.com\/en\/#organization","name":"Torrent Studio\u00ae Barcelona","alternateName":"Horacio Torrent","url":"https:\/\/torrentstudio.com\/en\/","logo":{"@id":"https:\/\/torrentstudio.com\/en\/contact\/#local-main-organization-logo"},"image":{"@id":"https:\/\/torrentstudio.com\/en\/contact\/#local-main-organization-logo"},"sameAs":["https:\/\/www.facebook.com\/torrentstudiobarcelona\/","https:\/\/www.linkedin.com\/company\/torrentstudio\/","https:\/\/www.instagram.com\/torrentstudio\/"],"telephone":["675304099","675304099"],"openingHoursSpecification":[{"@type":"OpeningHoursSpecification","dayOfWeek":["Monday","Tuesday","Wednesday","Thursday","Friday","Saturday","Sunday"],"opens":"09:00","closes":"17:00"}],"email":"hola@torrenstudio.com"},{"@type":"ImageObject","inLanguage":"en-US","@id":"https:\/\/torrentstudio.com\/en\/contact\/#local-main-organization-logo","url":"https:\/\/torrentstudio.com\/wp-content\/uploads\/2023\/06\/torrent_studio_seo_logo.jpg","contentUrl":"https:\/\/torrentstudio.com\/wp-content\/uploads\/2023\/06\/torrent_studio_seo_logo.jpg","width":696,"height":696,"caption":"Torrent Studio\u00ae Barcelona"}]},"geo.placename":"Barcelona","geo.region":"Spain"},"_links":{"self":[{"href":"https:\/\/torrentstudio.com\/en\/wp-json\/wp\/v2\/pages\/1980","targetHints":{"allow":["GET"]}}],"collection":[{"href":"https:\/\/torrentstudio.com\/en\/wp-json\/wp\/v2\/pages"}],"about":[{"href":"https:\/\/torrentstudio.com\/en\/wp-json\/wp\/v2\/types\/page"}],"author":[{"embeddable":true,"href":"https:\/\/torrentstudio.com\/en\/wp-json\/wp\/v2\/users\/1"}],"replies":[{"embeddable":true,"href":"https:\/\/torrentstudio.com\/en\/wp-json\/wp\/v2\/comments?post=1980"}],"version-history":[{"count":3,"href":"https:\/\/torrentstudio.com\/en\/wp-json\/wp\/v2\/pages\/1980\/revisions"}],"predecessor-version":[{"id":1985,"href":"https:\/\/torrentstudio.com\/en\/wp-json\/wp\/v2\/pages\/1980\/revisions\/1985"}],"wp:attachment":[{"href":"https:\/\/torrentstudio.com\/en\/wp-json\/wp\/v2\/media?parent=1980"}],"curies":[{"name":"wp","href":"https:\/\/api.w.org\/{rel}","templated":true}]}}